{"id":112,"date":"2015-09-03T19:29:50","date_gmt":"2015-09-03T19:29:50","guid":{"rendered":"http:\/\/semeiatv.com\/rapidbike\/?page_id=112"},"modified":"2018-03-20T20:59:20","modified_gmt":"2018-03-20T20:59:20","slug":"rapid-bike-racing","status":"publish","type":"page","link":"http:\/\/rapidbike.com.br\/site\/rapid-bike-racing","title":{"rendered":"Rapid Bike Racing"},"content":{"rendered":"<p><a name=\"produtos-racing\"><\/a><img loading=\"lazy\" decoding=\"async\" src=\"http:\/\/www.bateriasaliant.com.br\/rapid\/site\/wp-content\/uploads\/2015\/11\/racing-block.jpg\" alt=\"racing-block\" width=\"1920\" height=\"640\" class=\"alignnone size-full wp-image-293\" srcset=\"http:\/\/rapidbike.com.br\/site\/wp-content\/uploads\/2015\/11\/racing-block.jpg 1920w, http:\/\/rapidbike.com.br\/site\/wp-content\/uploads\/2015\/11\/racing-block-300x100.jpg 300w, http:\/\/rapidbike.com.br\/site\/wp-content\/uploads\/2015\/11\/racing-block-1024x341.jpg 1024w\" sizes=\"auto, (max-width: 1920px) 100vw, 1920px\" \/><\/p>\n<div class=\"uk-grid\">\n<div class=\"uk-width-medium-4-6 uk-width-small-1-1\">\n<h3>M\u00f3dulo profissional completo para corridas<\/h3>\n<p>Um marco tecnol\u00f3gico no setor de prepara\u00e7\u00e3o de motocicletas, o Rapid Bike Racing representa o mais alto n\u00edvel de tecnologia dispon\u00edvel para atingir uma performance perfeita, oferecendo a mais ampla gama de solu\u00e7\u00f5es para os mais exigentes pilotos de pista profissionais e usu\u00e1rios de rua.<\/p>\n<p>Com a evolu\u00e7\u00e3o e melhoria das vantagens introduzidas no <a href=\"http:\/\/rapidbike.com.br\/site\/rapid-bike-evo\">Rapid Bike Evo<\/a>, o m\u00f3dulo Racing analisa e gerencia at\u00e9 8 canais de entrada de informa\u00e7\u00e3o em tempo real, por ter um processamento 10 vezes mais r\u00e1pido em compara\u00e7\u00e3o com a sua linha anterior.<\/p>\n<p>Uma ferramenta avan\u00e7ada que garante o m\u00e1ximo de suporte eletr\u00f4nico no n\u00edvel competitivo mais alto.<\/p>\n<div class=\"uk-block uk-block-muted\" style=\"padding: 50px\">\n<h4>As novas fun\u00e7\u00f5es introduzidas no Rapid Bike Racing s\u00e3o numerosas:<\/h4>\n<ul class=\"uk-list\">\n<li><i class=\"uk-icon-justify uk-icon-arrow-right\"><\/i> <strong>Controle do tempo de igni\u00e7\u00e3o:<\/strong> Sistema exclusivo para gerenciamento de igni\u00e7\u00e3o e avan\u00e7o de ponto como forma de maximizar a efici\u00eancia do motor.<\/li>\n<li><i class=\"uk-icon-justify uk-icon-arrow-right\"><\/i> <strong>Controle de freio motor:<\/strong> Gerenciamento do freio motor em desacelera\u00e7\u00f5es. Previne o travamento da roda em desacelera\u00e7\u00f5es e melhora a estabilidade em curvas.<\/li>\n<li><i class=\"uk-icon-justify uk-icon-arrow-right\"><\/i><strong> Controle de velocidade nos boxes:<\/strong> Ajuste da velocidade m\u00e1xima a ser desenvolvida pela motocicleta na entrada dos boxes, evitando assim puni\u00e7\u00f5es.<\/li>\n<li><i class=\"uk-icon-justify uk-icon-arrow-right\"><\/i> <strong>Seletor de regulagens m\u00faltiplas:<\/strong> Possibilidade de modificar em tempo real m\u00faltiplos par\u00e2metros de opera\u00e7\u00e3o da motocicleta, como calibra\u00e7\u00e3o da inje\u00e7\u00e3o e igni\u00e7\u00e3o, limitadores, controle de freio motor e inje\u00e7\u00e3o auto adaptativa.<\/li>\n<\/ul>\n<\/div>\n<p>O gerenciamento ativo dos limites de RPM, essencial em competi\u00e7\u00f5es de motociclismo, necessita de uma descri\u00e7\u00e3o mais detalhada devido as solu\u00e7\u00f5es inovadoras que oferece. Tamb\u00e9m utiliz\u00e1vel em motocicletas de rua, pois esta tecnologia est\u00e1 dispon\u00edvel tanto na vers\u00e3o Racing quanto na vers\u00e3o Evo.<\/p>\n<p>A modifica\u00e7\u00e3o do limite de RPM \u00e9 atingida em escala progressiva de valores como forma de obter uma entrega linear da pot\u00eancia extra. Essa modifica\u00e7\u00e3o \u00e9 concebida e preparada para entregar o melhor desempenho.<\/p>\n<p>Rapid Bike Racing e Evo tamb\u00e9m controlam o limite de velocidade m\u00e1ximo das motocicletas: colocamos em pr\u00e1tica seu desejo mais profundo de correr&#8230;<\/p>\n<\/div>\n<div class=\"uk-width-medium-2-6 uk-width-small-1-1\">\n<div class=\"uk-block uk-block-primary\" style=\"padding: 50px\">\n<p><img loading=\"lazy\" decoding=\"async\" src=\"http:\/\/www.bateriasaliant.com.br\/rapid\/site\/wp-content\/uploads\/2015\/09\/racing-exclusive.jpg\" alt=\"racing-exclusive\" width=\"640\" height=\"640\" class=\"alignnone size-full wp-image-115\" srcset=\"http:\/\/rapidbike.com.br\/site\/wp-content\/uploads\/2015\/09\/racing-exclusive.jpg 640w, http:\/\/rapidbike.com.br\/site\/wp-content\/uploads\/2015\/09\/racing-exclusive-150x150.jpg 150w, http:\/\/rapidbike.com.br\/site\/wp-content\/uploads\/2015\/09\/racing-exclusive-300x300.jpg 300w\" sizes=\"auto, (max-width: 640px) 100vw, 640px\" \/><\/p>\n<h4>Rapid Bike Racing Exclusive<\/h4>\n<p>O m\u00f3dulo Rapid Bike Racing possui um kit exclusivo: uma vers\u00e3o mais simples oferecida a um pre\u00e7o muito interessante, estritamente dedicado a modelos espec\u00edficos (n\u00e3o pode ser reprogramado para ser instalado em diferentes modelos); J\u00e1 est\u00e1 dispon\u00edvel para YAMAHA TMAX 500 e 530, BMW F e R s\u00e9rie 1200. Verificar atualiza\u00e7\u00f5es sobre a nossa lista de aplicativos.<\/p>\n<\/div><\/div>\n<p><img loading=\"lazy\" decoding=\"async\" width=\"1024\" height=\"724\" src=\"http:\/\/www.bateriasaliant.com.br\/rapid\/site\/wp-content\/uploads\/2015\/09\/mapa-racing.jpg\" alt=\"mapa-racing\" class=\"aligncenter size-full wp-image-278\" srcset=\"http:\/\/rapidbike.com.br\/site\/wp-content\/uploads\/2015\/09\/mapa-racing.jpg 1024w, http:\/\/rapidbike.com.br\/site\/wp-content\/uploads\/2015\/09\/mapa-racing-300x212.jpg 300w\" sizes=\"auto, (max-width: 1024px) 100vw, 1024px\" \/><\/p>\n<\/div>\n","protected":false},"excerpt":{"rendered":"<p>M\u00f3dulo profissional completo para corridas Um marco tecnol\u00f3gico no setor de prepara\u00e7\u00e3o de motocicletas, o Rapid Bike Racing representa o mais alto n\u00edvel de tecnologia dispon\u00edvel para atingir uma performance perfeita, oferecendo a mais ampla gama de solu\u00e7\u00f5es para os mais exigentes pilotos de pista profissionais e usu\u00e1rios de rua. Com a evolu\u00e7\u00e3o e melhoria [&hellip;]<\/p>\n","protected":false},"author":1,"featured_media":0,"parent":0,"menu_order":0,"comment_status":"closed","ping_status":"open","template":"","meta":{"footnotes":""},"class_list":["post-112","page","type-page","status-publish","hentry"],"_links":{"self":[{"href":"http:\/\/rapidbike.com.br\/site\/wp-json\/wp\/v2\/pages\/112","targetHints":{"allow":["GET"]}}],"collection":[{"href":"http:\/\/rapidbike.com.br\/site\/wp-json\/wp\/v2\/pages"}],"about":[{"href":"http:\/\/rapidbike.com.br\/site\/wp-json\/wp\/v2\/types\/page"}],"author":[{"embeddable":true,"href":"http:\/\/rapidbike.com.br\/site\/wp-json\/wp\/v2\/users\/1"}],"replies":[{"embeddable":true,"href":"http:\/\/rapidbike.com.br\/site\/wp-json\/wp\/v2\/comments?post=112"}],"version-history":[{"count":9,"href":"http:\/\/rapidbike.com.br\/site\/wp-json\/wp\/v2\/pages\/112\/revisions"}],"predecessor-version":[{"id":406,"href":"http:\/\/rapidbike.com.br\/site\/wp-json\/wp\/v2\/pages\/112\/revisions\/406"}],"wp:attachment":[{"href":"http:\/\/rapidbike.com.br\/site\/wp-json\/wp\/v2\/media?parent=112"}],"curies":[{"name":"wp","href":"https:\/\/api.w.org\/{rel}","templated":true}]}}