{"id":174,"date":"2015-09-04T06:12:37","date_gmt":"2015-09-04T06:12:37","guid":{"rendered":"http:\/\/semeiatv.com\/rapidbike\/?page_id=174"},"modified":"2020-07-28T17:43:11","modified_gmt":"2020-07-28T17:43:11","slug":"revendedores-autorizados","status":"publish","type":"page","link":"http:\/\/rapidbike.com.br\/site\/revendedores-autorizados","title":{"rendered":"Revendedores Autorizados"},"content":{"rendered":"<p><script>\n  gtag('event', 'conversion', {'send_to': 'AW-1026723311\/tkVrCPeN1nsQ75vK6QM'});\n<\/script><\/p>\n<div class=\"uk-panel uk-panel-box\">\n<div class=\"uk-grid\">\n<div class=\"uk-width-medium-2-6 uk-push-4-6 uk-width-small-1-1\">\n<p><a class=\"uk-button uk-button-primary uk-width-1-1 uk-margin-small-bottom\" href=\"#distrito-federal\">Distrito Federal<\/a><br \/>\n<a class=\"uk-button uk-button-primary uk-width-1-1 uk-margin-small-bottom\" href=\"#mato-grosso\">Mato Grosso<\/a><br \/>\n<a class=\"uk-button uk-button-primary uk-width-1-1 uk-margin-small-bottom\" href=\"#minas-gerais\">Minas Gerais<\/a><br \/>\n<a class=\"uk-button uk-button-primary uk-width-1-1 uk-margin-small-bottom\" href=\"#paraiba\">Para\u00edba<\/a><br \/>\n<a class=\"uk-button uk-button-primary uk-width-1-1 uk-margin-small-bottom\" href=\"#parana\">Paran\u00e1<\/a><br \/>\n<a class=\"uk-button uk-button-primary uk-width-1-1 uk-margin-small-bottom\" href=\"#rio-janeiro\">Rio de Janeiro<\/a><br \/>\n<a class=\"uk-button uk-button-primary uk-width-1-1 uk-margin-small-bottom\" href=\"#rio-sul\">Rio Grande do Sul<\/a><br \/>\n<a class=\"uk-button uk-button-primary uk-width-1-1 uk-margin-small-bottom\" href=\"#sao-paulo\">S\u00e3o Paulo<\/a><br \/>\n<a class=\"uk-button uk-button-primary uk-width-1-1 uk-margin-small-bottom\" href=\"#santa-catarina\">Santa Catarina<\/a><\/p>\n<\/div>\n<div class=\"uk-width-medium-4-6 uk-pull-2-6 uk-width-small-1-1\">\n<h3>Onde adquirir e Instalar seu Rapid Bike<\/h3>\n<p>O Rapid Bike \u00e9 importado e distribu\u00eddo no Brasil com exclusividade pela FW Performance, e pode ser adquirido e instalado exclusivamente em nossa rede de oficinas de prepara\u00e7\u00e3o parceiras, que contam com profissionais reconhecidos e com treinamento realizado na It\u00e1lia pela Dimsport, al\u00e9m de Dinam\u00f4metro (obrigat\u00f3rio), equipamentos e estrutura adequada.<\/p>\n<p>Atrav\u00e9s desses parceiros o cliente final conta com suporte e garantia de f\u00e1brica para o produto. Produtos adquiridos de forma independente e\/ou instalados fora da rede oficial n\u00e3o contam com suporte e garantia da FW Performance e seus parceiros.<\/p>\n<p><strong>Preparadores oficiais RAPID BIKE:<\/strong><\/p>\n<\/div>\n<\/div>\n<\/div>\n<p><a name=\"distrito-federal\"><\/a><\/p>\n<h2>DISTRITO FEDERAL <i class=\"uk-icon-angle-up\"><\/i><\/h2>\n\n<div class=\"uk-grid uk-grid-width-1-1 uk-grid-width-small-1-1 uk-grid-width-medium-1-2 uk-grid-width-large-1-3 uk-grid-match uk-text-left \" data-uk-grid-match=\"{target:'> div > .uk-panel'}\" data-uk-grid-margin>\n\n\n    <div>\n        <div class=\"uk-panel uk-panel-box uk-panel-box-primary\">\n\n            \n            \n                        <h3 class=\"uk-h4 uk-margin-top-remove\">BSB MOTOR RACING<\/h3>\n            \n            \n                        <div class=\"uk-margin\"><strong>Bras\u00edlia<\/strong><br\/>\nSt. Sudoeste Quadra Mista Sudoeste 2 Conjunto B<br \/>\n(61) 3546-1002<br \/><\/div>\n            \n            \n            \n            \n        <\/div>\n    <\/div>\n\n\n<\/div>\n<p><a name=\"mato-grosso\"><\/a><\/p>\n<h2>MATO GROSSO <i class=\"uk-icon-angle-up\"><\/i><\/h2>\n\n<div class=\"uk-grid uk-grid-width-1-1 uk-grid-width-small-1-1 uk-grid-width-medium-1-2 uk-grid-width-large-1-3 uk-grid-match uk-text-left \" data-uk-grid-match=\"{target:'> div > .uk-panel'}\" data-uk-grid-margin>\n\n\n<\/div>\n<p><a name=\"minas-gerais\"><\/a><\/p>\n<h2>MINAS GERAIS <i class=\"uk-icon-angle-up\"><\/i><\/h2>\n\n<div class=\"uk-grid uk-grid-width-1-1 uk-grid-width-small-1-1 uk-grid-width-medium-1-2 uk-grid-width-large-1-3 uk-grid-match uk-text-left \" data-uk-grid-match=\"{target:'> div > .uk-panel'}\" data-uk-grid-margin>\n\n\n    <div>\n        <div class=\"uk-panel uk-panel-box uk-panel-box-primary\">\n\n            \n            \n                        <h3 class=\"uk-h4 uk-margin-top-remove\">BH MOTORACING<\/h3>\n            \n            \n                        <div class=\"uk-margin\"><strong>Belo Horizonte<\/strong><br\/>\nAv. Prof. M\u00e1rio Werneck, 2925B - Buritis<br \/>\n(31) 2552-9002<br \/>\ncontato@bhmotoracing.com.br<\/div>\n            \n            \n            \n            \n        <\/div>\n    <\/div>\n\n\n    <div>\n        <div class=\"uk-panel uk-panel-box uk-panel-box-primary\">\n\n            \n            \n                        <h3 class=\"uk-h4 uk-margin-top-remove\">JEREMOTOS<\/h3>\n            \n            \n                        <div class=\"uk-margin\"><strong>Montes Claros<\/strong><br\/>\nRua Urbino Viana, 605 - Vila Guimaraes<br \/>\n(38) 3223-1160<br \/>\n(38) 9145-4452<br \/>\njeremotos@outlook.com.br<\/div>\n            \n            \n            \n            \n        <\/div>\n    <\/div>\n\n\n<\/div>\n<p><a name=\"paraiba\"><\/a><\/p>\n<h2>PARA\u00cdBA <i class=\"uk-icon-angle-up\"><\/i><\/h2>\n\n<div class=\"uk-grid uk-grid-width-1-1 uk-grid-width-small-1-1 uk-grid-width-medium-1-2 uk-grid-width-large-1-3 uk-grid-match uk-text-left \" data-uk-grid-match=\"{target:'> div > .uk-panel'}\" data-uk-grid-margin>\n\n\n    <div>\n        <div class=\"uk-panel uk-panel-box uk-panel-box-primary\">\n\n            \n            \n                        <h3 class=\"uk-h4 uk-margin-top-remove\">APODI MOTORCYCLES<\/h3>\n            \n            \n                        <div class=\"uk-margin\"><strong>Jo\u00e3o Pessoa<\/strong><br \/>\nRua Josery Serrano de Assis, 111- Cristo Redentor<br \/>\n(83) 98898-4335<br \/>\nlojamotox@hotmail.com<\/div>\n            \n            \n            \n            \n        <\/div>\n    <\/div>\n\n\n<\/div>\n<p><a name=\"parana\"><\/a><\/p>\n<h2>PARAN\u00c1 <i class=\"uk-icon-angle-up\"><\/i><\/h2>\n\n<div class=\"uk-grid uk-grid-width-1-1 uk-grid-width-small-1-1 uk-grid-width-medium-1-2 uk-grid-width-large-1-3 uk-grid-match uk-text-left \" data-uk-grid-match=\"{target:'> div > .uk-panel'}\" data-uk-grid-margin>\n\n\n    <div>\n        <div class=\"uk-panel uk-panel-box uk-panel-box-primary\">\n\n            \n            \n                        <h3 class=\"uk-h4 uk-margin-top-remove\">MOTO 3<\/h3>\n            \n            \n                        <div class=\"uk-margin\"><strong>Curitiba<\/strong><br \/>\nRua Jo\u00e3o Batista Berno, 127 - Parolin<br \/>\n(41) 3332-4688<br \/>\nmotto3jr@hotmail.com<\/div>\n            \n            \n            \n            \n        <\/div>\n    <\/div>\n\n\n    <div>\n        <div class=\"uk-panel uk-panel-box uk-panel-box-primary\">\n\n            \n            \n                        <h3 class=\"uk-h4 uk-margin-top-remove\">RACING POINT<\/h3>\n            \n            \n                        <div class=\"uk-margin\"><strong>Londrina<\/strong><br \/>\nAv. Henrique Mansano, 480 - Jd. Alpes<br \/>\n(43) 3304-3097<br \/>\nadm@racingpoint.com.br<\/div>\n            \n            \n            \n            \n        <\/div>\n    <\/div>\n\n\n<\/div>\n<p><a name=\"rio-janeiro\"><\/a><\/p>\n<h2>RIO DE JANEIRO <i class=\"uk-icon-angle-up\"><\/i><\/h2>\n\n<div class=\"uk-grid uk-grid-width-1-1 uk-grid-width-small-1-1 uk-grid-width-medium-1-2 uk-grid-width-large-1-3 uk-grid-match uk-text-left \" data-uk-grid-match=\"{target:'> div > .uk-panel'}\" data-uk-grid-margin>\n\n\n    <div>\n        <div class=\"uk-panel uk-panel-box uk-panel-box-primary\">\n\n            \n            \n                        <h3 class=\"uk-h4 uk-margin-top-remove\">C\u00c9LIO MOTOS<\/h3>\n            \n            \n                        <div class=\"uk-margin\"><strong>Niter\u00f3i<\/strong><br \/>\nRua Jos\u00e9 Carlos da Silva Nogueira, 44 - Fonseca<br \/>\n(21) 2627-1394<br \/>\ncelio@celiomotos.com.br<\/div>\n            \n            \n            \n            \n        <\/div>\n    <\/div>\n\n\n    <div>\n        <div class=\"uk-panel uk-panel-box uk-panel-box-primary\">\n\n            \n            \n                        <h3 class=\"uk-h4 uk-margin-top-remove\">CENTER MOTO<\/h3>\n            \n            \n                        <div class=\"uk-margin\"><strong>Rio de Janeiro<\/strong><br \/>\nRua da Passagem, 56 - Botafogo<br \/>\n(21) 2275-5448<br \/>\ncentermoto@centermoto.com.br<\/div>\n            \n            \n            \n            \n        <\/div>\n    <\/div>\n\n\n<\/div>\n<p><a name=\"rio-sul\"><\/a><\/p>\n<h2>RIO GRANDE DO SUL <i class=\"uk-icon-angle-up\"><\/i><\/h2>\n\n<div class=\"uk-grid uk-grid-width-1-1 uk-grid-width-small-1-1 uk-grid-width-medium-1-2 uk-grid-width-large-1-3 uk-grid-match uk-text-left \" data-uk-grid-match=\"{target:'> div > .uk-panel'}\" data-uk-grid-margin>\n\n\n    <div>\n        <div class=\"uk-panel uk-panel-box uk-panel-box-primary\">\n\n            \n            \n                        <h3 class=\"uk-h4 uk-margin-top-remove\">EXTREME BY XIRU<\/h3>\n            \n            \n                        <div class=\"uk-margin\"><strong>Caxias do Sul<\/strong><br \/>\nRua Pl\u00e1cido de Castro, 263 - Lourdes<br \/>\n(54) 3222-6369<br \/>\nextreme.xiru@terra.com.br<\/div>\n            \n            \n            \n            \n        <\/div>\n    <\/div>\n\n\n    <div>\n        <div class=\"uk-panel uk-panel-box uk-panel-box-primary\">\n\n            \n            \n                        <h3 class=\"uk-h4 uk-margin-top-remove\">STREET MOTOSHOP<\/h3>\n            \n            \n                        <div class=\"uk-margin\"><strong>Farroupilha<\/strong><br \/>\nR. Joaquim Nabuco, 53<br \/>\n54-8129-0491<br \/>\namauri.dendena@gmail.com<\/div>\n            \n            \n            \n            \n        <\/div>\n    <\/div>\n\n\n<\/div>\n<p><a name=\"sao-paulo\"><\/a><\/p>\n<h2>S\u00c3O PAULO <i class=\"uk-icon-angle-up\"><\/i><\/h2>\n\n<div class=\"uk-grid uk-grid-width-1-1 uk-grid-width-small-1-1 uk-grid-width-medium-1-2 uk-grid-width-large-1-3 uk-grid-match uk-text-left \" data-uk-grid-match=\"{target:'> div > .uk-panel'}\" data-uk-grid-margin>\n\n\n    <div>\n        <div class=\"uk-panel uk-panel-box uk-panel-box-primary\">\n\n            \n            \n                        <h3 class=\"uk-h4 uk-margin-top-remove\">DUAS RODAS MULTIMARCAS<\/h3>\n            \n            \n                        <div class=\"uk-margin\"><strong>Jundia\u00ed<\/strong><br \/>\nRua Antonio Toffoli, 171 - Vila Mafalda<br \/>\n(11) 4587-7618<br \/>\ncontato@duasrodasmultimarcas.com.br<\/div>\n            \n            \n            \n            \n        <\/div>\n    <\/div>\n\n\n    <div>\n        <div class=\"uk-panel uk-panel-box uk-panel-box-primary\">\n\n            \n            \n                        <h3 class=\"uk-h4 uk-margin-top-remove\">HATA RACING<\/h3>\n            \n            \n                        <div class=\"uk-margin\"><strong>Ara\u00e7atuba<\/strong><br \/>\nS\u00e9rgio Hata<br \/>\n18-3301-3022 \/ 18-8101-2916<br \/>\nsergio_hara@hotmail.com<\/div>\n            \n            \n            \n            \n        <\/div>\n    <\/div>\n\n\n    <div>\n        <div class=\"uk-panel uk-panel-box uk-panel-box-primary\">\n\n            \n            \n                        <h3 class=\"uk-h4 uk-margin-top-remove\">TECMOTO<\/h3>\n            \n            \n                        <div class=\"uk-margin\"><strong>S\u00e3o Paulo<\/strong><br \/>\nRua dos Campineiros, 749 - Mooca<br \/>\n(11)  98259-9614<br \/>\nm.peixoto@tecmoto.com.br<\/div>\n            \n            \n            \n            \n        <\/div>\n    <\/div>\n\n\n    <div>\n        <div class=\"uk-panel uk-panel-box uk-panel-box-primary\">\n\n            \n            \n                        <h3 class=\"uk-h4 uk-margin-top-remove\">PITICO RACE<\/h3>\n            \n            \n                        <div class=\"uk-margin\"><strong>S\u00e3o Paulo<\/strong><br \/>\nPitico<br \/>\n(11) 3856-0835 \/ (19) 7887-4734<br \/>\npiticorace@gmail.com<\/div>\n            \n            \n            \n            \n        <\/div>\n    <\/div>\n\n\n    <div>\n        <div class=\"uk-panel uk-panel-box uk-panel-box-primary\">\n\n            \n            \n                        <h3 class=\"uk-h4 uk-margin-top-remove\">RALLY MOTOS<\/h3>\n            \n            \n                        <div class=\"uk-margin\"><strong>Presidente Epit\u00e1cio<\/strong><br \/>\nR. Belo Horizonte, 3-07 - Centro<br \/>\n(18) 3281-3888<br \/>\nrally.cazunatti@uol.com.br<\/div>\n            \n            \n            \n            \n        <\/div>\n    <\/div>\n\n\n    <div>\n        <div class=\"uk-panel uk-panel-box uk-panel-box-primary\">\n\n            \n            \n                        <h3 class=\"uk-h4 uk-margin-top-remove\">SIMOHARA RACING<\/h3>\n            \n            \n                        <div class=\"uk-margin\"><strong>Campinas<\/strong><br \/>\nEdu<br \/>\n(19) 3272-7272<br \/>\ndu_simohara@hotmail.com<\/div>\n            \n            \n            \n            \n        <\/div>\n    <\/div>\n\n\n    <div>\n        <div class=\"uk-panel uk-panel-box uk-panel-box-primary\">\n\n            \n            \n                        <h3 class=\"uk-h4 uk-margin-top-remove\">SNAKE MOTOR<\/h3>\n            \n            \n                        <div class=\"uk-margin\"><strong>Cordeir\u00f3polis<\/strong><br \/>\nZequinha \/ Jerry<br \/>\n(19) 3556-9262<br \/>\nzequinha@snakemotor.com.br<\/div>\n            \n            \n            \n            \n        <\/div>\n    <\/div>\n\n\n    <div>\n        <div class=\"uk-panel uk-panel-box uk-panel-box-primary\">\n\n            \n            \n                        <h3 class=\"uk-h4 uk-margin-top-remove\">SPIGA RACING<\/h3>\n            \n            \n                        <div class=\"uk-margin\"><strong>Campinas<\/strong><br \/>\nR. Germ\u00e2nia, 815 - Bonfim<br \/>\n(19) 3241-7788<br \/>\nspigamotors@terra.com.br<\/div>\n            \n            \n                        <p class=\"uk-margin\"><a class=\"uk-button\" href=\"http:\/\/www.spiga.com.br\">Read more<\/a><\/p>\n            \n            \n        <\/div>\n    <\/div>\n\n\n    <div>\n        <div class=\"uk-panel uk-panel-box uk-panel-box-primary\">\n\n            \n            \n                        <h3 class=\"uk-h4 uk-margin-top-remove\">TATO MOTO RACING<\/h3>\n            \n            \n                        <div class=\"uk-margin\"><strong>Ribeir\u00e3o Preto<\/strong><br \/>\nAv. Maurilio Biagi, 420 - Santa Cruz<br \/>\n(16) 3916-4602<br \/>\ntato@velludo.com.br<\/div>\n            \n            \n            \n            \n        <\/div>\n    <\/div>\n\n\n    <div>\n        <div class=\"uk-panel uk-panel-box uk-panel-box-primary\">\n\n            \n            \n                        <h3 class=\"uk-h4 uk-margin-top-remove\">PRIME SUPERBIKES<\/h3>\n            \n            \n                        <div class=\"uk-margin\"><strong>S\u00e3o Jos\u00e9 do Rio Preto<\/strong><br \/>\nRua Pedro Amaral, 1755 \u2013 Parque Industrial<br \/>\n(17)3231-0892<br \/>\narthur@primesuperbikes.com.br<\/div>\n            \n            \n            \n            \n        <\/div>\n    <\/div>\n\n\n    <div>\n        <div class=\"uk-panel uk-panel-box uk-panel-box-primary\">\n\n            \n            \n                        <h3 class=\"uk-h4 uk-margin-top-remove\">MB MOTOS<\/h3>\n            \n            \n                        <div class=\"uk-margin\"><strong>Indaiatuba<\/strong><br \/>\nRua dos Indai\u00e1s, 231 - Santa Cruz<br \/>\n(19)3834-2417 - (19)3392-0964<br \/><\/div>\n            \n            \n                        <p class=\"uk-margin\"><a class=\"uk-button\" href=\"http:\/\/www.mbmotos.com.br\">Read more<\/a><\/p>\n            \n            \n        <\/div>\n    <\/div>\n\n\n    <div>\n        <div class=\"uk-panel uk-panel-box uk-panel-box-primary\">\n\n            \n            \n                        <h3 class=\"uk-h4 uk-margin-top-remove\">BRUNO RACING<\/h3>\n            \n            \n                        <div class=\"uk-margin\"><strong>Morungaba<\/strong><br \/>\nRua Araujo Campos, 818 sl 6<br \/>\n(19) 4014-6340<\/div>\n            \n            \n            \n            \n        <\/div>\n    <\/div>\n\n\n    <div>\n        <div class=\"uk-panel uk-panel-box uk-panel-box-primary\">\n\n            \n            \n                        <h3 class=\"uk-h4 uk-margin-top-remove\">SR CORSE<\/h3>\n            \n            \n                        <div class=\"uk-margin\">Rua Isabel de Castela, 106 - Vila Madalena<br \/>\n(11) 3903-5968<br \/>\n(11) 94748-5561<br \/>\nsrcorse@srcorse.com.br<\/div>\n            \n            \n                        <p class=\"uk-margin\"><a class=\"uk-button\" href=\"\/site\/www.srcorse.com.br\">Read more<\/a><\/p>\n            \n            \n        <\/div>\n    <\/div>\n\n\n    <div>\n        <div class=\"uk-panel uk-panel-box uk-panel-box-primary\">\n\n            \n            \n                        <h3 class=\"uk-h4 uk-margin-top-remove\">BOI MOTOS<\/h3>\n            \n            \n                        <div class=\"uk-margin\">Rua Ribeiro do Vale, 586 - Brooklin<br \/>\n(11) 3168-9778<br \/>\n(11) 3168-0987<br \/>\nclaudia@boimotos.com.br<\/div>\n            \n            \n            \n            \n        <\/div>\n    <\/div>\n\n\n    <div>\n        <div class=\"uk-panel uk-panel-box uk-panel-box-primary\">\n\n            \n            \n                        <h3 class=\"uk-h4 uk-margin-top-remove\">MOTO POCIUS<\/h3>\n            \n            \n                        <div class=\"uk-margin\">Rua Sizina Azevedo Schrepel, 351 Sala 11 \u2013 Jd. Piratininga<br \/>\n (15) 3442-5800 | 3442-6800<br \/>\n pedidos@motopocius.com.br<\/div>\n            \n            \n                        <p class=\"uk-margin\"><a class=\"uk-button\" href=\"https:\/\/motopocius.com.br\/\">Read more<\/a><\/p>\n            \n            \n        <\/div>\n    <\/div>\n\n\n    <div>\n        <div class=\"uk-panel uk-panel-box uk-panel-box-primary\">\n\n            \n            \n                        <h3 class=\"uk-h4 uk-margin-top-remove\">SPORT RIDERS<\/h3>\n            \n            \n                        <div class=\"uk-margin\"><strong>Hortol\u00e2ndia<\/strong><br \/>\nRua Jose Roberto Diogo, 96 - Jd. Campos Verdes<br \/>\n(19) 3504-6568<br \/>\n(19) 3897-1941<br \/>\ncontato@sportriders.com.br<\/div>\n            \n            \n                        <p class=\"uk-margin\"><a class=\"uk-button\" href=\"https:\/\/sportriders.com.br\/\">Read more<\/a><\/p>\n            \n            \n        <\/div>\n    <\/div>\n\n\n<\/div>\n<p><a name=\"santa-catarina\"><\/a><\/p>\n<h2>SANTA CATARINA <i class=\"uk-icon-angle-up\"><\/i><\/h2>\n\n<div class=\"uk-grid uk-grid-width-1-1 uk-grid-width-small-1-1 uk-grid-width-medium-1-2 uk-grid-width-large-1-3 uk-grid-match uk-text-left \" data-uk-grid-match=\"{target:'> div > .uk-panel'}\" data-uk-grid-margin>\n\n\n    <div>\n        <div class=\"uk-panel uk-panel-box uk-panel-box-primary\">\n\n            \n            \n                        <h3 class=\"uk-h4 uk-margin-top-remove\">MV FLORIPA<\/h3>\n            \n            \n                        <div class=\"uk-margin\"><strong>Florian\u00f3polis<\/strong><br \/>\nR. Capit\u00e3o Euclides de Castro, 94 - Coqueiros<br \/>\n(48) 3244-0086<br \/>\njean@boxmotocicletas.com.br<\/div>\n            \n            \n            \n            \n        <\/div>\n    <\/div>\n\n\n<\/div>\n","protected":false},"excerpt":{"rendered":"<p>Distrito Federal Mato Grosso Minas Gerais Para\u00edba Paran\u00e1 Rio de Janeiro Rio Grande do Sul S\u00e3o Paulo Santa Catarina Onde adquirir e Instalar seu Rapid Bike O Rapid Bike \u00e9 importado e distribu\u00eddo no Brasil com exclusividade pela FW Performance, e pode ser adquirido e instalado exclusivamente em nossa rede de oficinas de prepara\u00e7\u00e3o parceiras, [&hellip;]<\/p>\n","protected":false},"author":1,"featured_media":0,"parent":0,"menu_order":0,"comment_status":"closed","ping_status":"open","template":"","meta":{"footnotes":""},"class_list":["post-174","page","type-page","status-publish","hentry"],"_links":{"self":[{"href":"http:\/\/rapidbike.com.br\/site\/wp-json\/wp\/v2\/pages\/174","targetHints":{"allow":["GET"]}}],"collection":[{"href":"http:\/\/rapidbike.com.br\/site\/wp-json\/wp\/v2\/pages"}],"about":[{"href":"http:\/\/rapidbike.com.br\/site\/wp-json\/wp\/v2\/types\/page"}],"author":[{"embeddable":true,"href":"http:\/\/rapidbike.com.br\/site\/wp-json\/wp\/v2\/users\/1"}],"replies":[{"embeddable":true,"href":"http:\/\/rapidbike.com.br\/site\/wp-json\/wp\/v2\/comments?post=174"}],"version-history":[{"count":44,"href":"http:\/\/rapidbike.com.br\/site\/wp-json\/wp\/v2\/pages\/174\/revisions"}],"predecessor-version":[{"id":452,"href":"http:\/\/rapidbike.com.br\/site\/wp-json\/wp\/v2\/pages\/174\/revisions\/452"}],"wp:attachment":[{"href":"http:\/\/rapidbike.com.br\/site\/wp-json\/wp\/v2\/media?parent=174"}],"curies":[{"name":"wp","href":"https:\/\/api.w.org\/{rel}","templated":true}]}}