{"id":19,"date":"2015-09-01T20:53:41","date_gmt":"2015-09-01T20:53:41","guid":{"rendered":"http:\/\/semeiatv.com\/rapidbike\/?page_id=19"},"modified":"2020-04-01T18:15:03","modified_gmt":"2020-04-01T18:15:03","slug":"inicio","status":"publish","type":"page","link":"http:\/\/rapidbike.com.br\/site\/","title":{"rendered":"In\u00edcio"},"content":{"rendered":"<p>O Rapid Bike \u00e9 o \u00fanico que permite alcan\u00e7ar resultados consistentes com as modifica\u00e7\u00f5es dos valores de inje\u00e7\u00e3o. A tecnologia Rapid Bike coloca voc\u00ea no controle sem limita\u00e7\u00f5es, oferecendo uma ferramenta poderosa para melhorar seu desempenho em qualquer condi\u00e7\u00e3o.<\/p>\n\n<div class=\"uk-grid uk-grid-small uk-grid-width-1-1 uk-grid-width-medium-1-3 uk-grid-match uk-text-center \" data-uk-grid-match=\"{target:'> div > .uk-panel'}\" data-uk-grid-margin>\n\n\n    <div>\n        <div class=\"uk-panel\" data-uk-scrollspy=\"{cls:'uk-animation-scale-up', delay:0}\">\n\n                        <div class=\"uk-margin uk-text-center uk-panel-teaser\"><a class=\"uk-overlay\" href=\"http:\/\/rapidbike.com.br\/site\/rapid-bike-easy\" ><img decoding=\"async\" src=\"\/site\/wp-content\/uploads\/2020\/02\/easy-box-novo-site.jpg\" alt=\"Rapid Bike Easy\"><div class=\"uk-overlay-area \"><\/div><\/a><\/div>\n            \n            \n                        <h3 class=\"uk-panel-title\">Rapid Bike Easy<\/h3>\n            \n            \n                        <div class=\"uk-margin\"><p class=\"home-margin\"><b>Rapid Bike Easy, \u201cmodulador AFR plug&play\u201d:<\/b> Gerenciamento do sensor de oxig\u00eanio e do sensor de temperatura da caixa de ar. O gerenciamento \u00e9 feito diretamente do sensor da sonda lambda para otimizar a rela\u00e7\u00e3o ar\/combust\u00edvel com isso existe uma melhora na efici\u00eancia do motor e elimina falhas t\u00edpicas de baixa e m\u00e9dia RPM.<\/p><\/div>\n            \n            \n                        <p class=\"uk-margin\"><a class=\"uk-button uk-button-large\" href=\"http:\/\/rapidbike.com.br\/site\/rapid-bike-easy\">CONHE\u00c7A<\/a><\/p>\n            \n            \n        <\/div>\n    <\/div>\n\n\n    <div>\n        <div class=\"uk-panel\" data-uk-scrollspy=\"{cls:'uk-animation-scale-up', delay:300}\">\n\n                        <div class=\"uk-margin uk-text-center uk-panel-teaser\"><a class=\"uk-overlay\" href=\"http:\/\/rapidbike.com.br\/site\/rapid-bike-evo\" ><img decoding=\"async\" src=\"\/site\/wp-content\/uploads\/2015\/11\/evo-box-2.jpg\" alt=\"Rapid Bike Evo\"><div class=\"uk-overlay-area \"><\/div><\/a><\/div>\n            \n            \n                        <h3 class=\"uk-panel-title\">Rapid Bike Evo<\/h3>\n            \n            \n                        <div class=\"uk-margin\"><p class=\"home-margin\"><b>Rapid Bike Evo, \u201ccontrole total da inje\u00e7\u00e3o\u201d:<\/b> Controle din\u00e2mico e m\u00faltiplo do sensor de oxig\u00eanio, regulagem auto adaptativa da inje\u00e7\u00e3o e gerenciamento de limites dos par\u00e2metros de opera\u00e7\u00e3o de motocicletas. Desta forma os valores de carbura\u00e7\u00e3o podem ser modificados ao longo da curva de pot\u00eancia do motor.<\/p><\/div>\n            \n            \n                        <p class=\"uk-margin\"><a class=\"uk-button uk-button-large\" href=\"http:\/\/rapidbike.com.br\/site\/rapid-bike-evo\">CONHE\u00c7A<\/a><\/p>\n            \n            \n        <\/div>\n    <\/div>\n\n\n    <div>\n        <div class=\"uk-panel\" data-uk-scrollspy=\"{cls:'uk-animation-scale-up', delay:600}\">\n\n                        <div class=\"uk-margin uk-text-center uk-panel-teaser\"><a class=\"uk-overlay\" href=\"http:\/\/rapidbike.com.br\/site\/rapid-bike-racing\" ><img decoding=\"async\" src=\"\/site\/wp-content\/uploads\/2015\/11\/rapid-box.jpg\" alt=\"Rapid Bike Racing\"><div class=\"uk-overlay-area \"><\/div><\/a><\/div>\n            \n            \n                        <h3 class=\"uk-panel-title\">Rapid Bike Racing<\/h3>\n            \n            \n                        <div class=\"uk-margin\"><p class=\"home-margin\"><b>Rapid Bike Racing, \u201cm\u00f3dulo completo para corrida\u201d:<\/b> Representa o mais alto n\u00edvel de tecnologia dispon\u00edvel para atingir o alto desempenho, oferecendo a mais ampla gama de solu\u00e7\u00f5es para os mais exigentes pilotos. O modulo Racing \u00e9 projetado para gerenciar recursos adicionais e inovadores.<\/p><\/div>\n            \n            \n                        <p class=\"uk-margin\"><a class=\"uk-button uk-button-large\" href=\"http:\/\/rapidbike.com.br\/site\/rapid-bike-racing\">CONHE\u00c7A<\/a><\/p>\n            \n            \n        <\/div>\n    <\/div>\n\n\n<\/div>\n<div class=\"uk-block uk-block-primary uk-text-center uk-margin-large-top uk-contrast\">\n<h3><a href=\"http:\/\/rapidbike.com.br\/site\/rapid-bike-easy\/manuais\">MANUAIS DE INSTALA\u00c7\u00c3O RAPID BIKE EASY<\/a><\/h3>\n<\/div>\n<div class=\"uk-margin-bottom\"><\/div>\n<div class=\"uk-panel uk-panel-box\">\n<h1 class=\"uk-text-center\"><a href=\"http:\/\/www.bateriasaliant.com.br\/rapid\/site\/noticias\/\"><i class=\"uk-icon-globe\"><\/i> NOT\u00cdCIAS<\/a><\/h1>\n<div style=\"width: 500px;\" class=\"uk-container-center\">\n<div class=\"fb-page\" data-href=\"https:\/\/www.facebook.com\/rapidbikebrasil\/\" data-tabs=\"timeline\" data-width=\"500\" data-height=\"600\" data-small-header=\"true\" data-adapt-container-width=\"true\" data-hide-cover=\"false\" data-show-facepile=\"true\">\n<blockquote cite=\"https:\/\/www.facebook.com\/rapidbikebrasil\/\" class=\"fb-xfbml-parse-ignore\"><p><a href=\"https:\/\/www.facebook.com\/rapidbikebrasil\/\">Rapid Bike Brasil<\/a><\/p><\/blockquote>\n<\/div>\n<\/div>\n","protected":false},"excerpt":{"rendered":"<p>O Rapid Bike \u00e9 o \u00fanico que permite alcan\u00e7ar resultados consistentes com as modifica\u00e7\u00f5es dos valores de inje\u00e7\u00e3o. A tecnologia Rapid Bike coloca voc\u00ea no controle sem limita\u00e7\u00f5es, oferecendo uma ferramenta poderosa para melhorar seu desempenho em qualquer condi\u00e7\u00e3o. MANUAIS DE INSTALA\u00c7\u00c3O RAPID BIKE EASY NOT\u00cdCIAS Rapid Bike Brasil<\/p>\n","protected":false},"author":1,"featured_media":0,"parent":0,"menu_order":0,"comment_status":"closed","ping_status":"closed","template":"","meta":{"footnotes":""},"class_list":["post-19","page","type-page","status-publish","hentry"],"_links":{"self":[{"href":"http:\/\/rapidbike.com.br\/site\/wp-json\/wp\/v2\/pages\/19","targetHints":{"allow":["GET"]}}],"collection":[{"href":"http:\/\/rapidbike.com.br\/site\/wp-json\/wp\/v2\/pages"}],"about":[{"href":"http:\/\/rapidbike.com.br\/site\/wp-json\/wp\/v2\/types\/page"}],"author":[{"embeddable":true,"href":"http:\/\/rapidbike.com.br\/site\/wp-json\/wp\/v2\/users\/1"}],"replies":[{"embeddable":true,"href":"http:\/\/rapidbike.com.br\/site\/wp-json\/wp\/v2\/comments?post=19"}],"version-history":[{"count":64,"href":"http:\/\/rapidbike.com.br\/site\/wp-json\/wp\/v2\/pages\/19\/revisions"}],"predecessor-version":[{"id":449,"href":"http:\/\/rapidbike.com.br\/site\/wp-json\/wp\/v2\/pages\/19\/revisions\/449"}],"wp:attachment":[{"href":"http:\/\/rapidbike.com.br\/site\/wp-json\/wp\/v2\/media?parent=19"}],"curies":[{"name":"wp","href":"https:\/\/api.w.org\/{rel}","templated":true}]}}