{"id":329,"date":"2015-11-26T18:27:24","date_gmt":"2015-11-26T18:27:24","guid":{"rendered":"http:\/\/semeiatv.com\/rapidbike\/?page_id=329"},"modified":"2016-01-07T17:59:56","modified_gmt":"2016-01-07T17:59:56","slug":"nossos-produtos","status":"publish","type":"page","link":"http:\/\/rapidbike.com.br\/site\/nossos-produtos","title":{"rendered":"Nossos Produtos"},"content":{"rendered":"<div class=\"uk-panel uk-panel-box\">\n<h4>A linha Rapid Bike \u00e9 composta de 3 m\u00f3dulos:<\/h4>\n\n\n<div>\n\n        \n\n<ul class=\"uk-tab uk-tab-grid\" data-uk-tab=\"{connect:'#wk-ef5',animation:'slide-left'}\">\n        <li class=\"uk-width-1-3\"><a href=\"\">Rapid Bike Easy<\/a><\/li>\n        <li class=\"uk-width-1-3\"><a href=\"\">Rapid Bike Evo<\/a><\/li>\n        <li class=\"uk-width-1-3\"><a href=\"\">Rapid Bike Racing<\/a><\/li>\n<\/ul>\n\n    \n    \n<ul id=\"wk-ef5\" class=\"uk-switcher uk-text-left uk-margin-top\" data-uk-check-display>\n\n    \n    <li>\n        <div class=\"uk-panel\">\n\n                        <div class=\"uk-margin uk-text-center\"><a class=\"uk-overlay\" href=\"http:\/\/rapidbike.com.br\/site\/rapid-bike-easy\" ><img decoding=\"async\" src=\"\/site\/wp-content\/uploads\/2020\/02\/easy-box-novo-site.jpg\" alt=\"Rapid Bike Easy\"><div class=\"uk-overlay-area \"><\/div><\/a><\/div>\n            \n            \n                        <h3 class=\"uk-h4 uk-margin-top-remove\">Rapid Bike Easy<\/h3>\n            \n            \n                        <div class=\"uk-margin\"><p><b>RapidBikeEasy, \u201cmodulador AFR plug&play\u201d:<\/b> Gerenciamento do sensor de oxig\u00eanio e do sensor de temperatura da caixa de ar. O gerenciamento \u00e9 feito diretamente do sensor da sonda lambda para otimizar a rela\u00e7\u00e3o ar\/combust\u00edvel com isso existe uma melhora na efici\u00eancia do motor e elimina falhas t\u00edpicas de baixa e m\u00e9dia RPM.<\/p><\/div>\n            \n            \n                        <p class=\"uk-margin\"><a class=\"uk-button\" href=\"http:\/\/rapidbike.com.br\/site\/rapid-bike-easy\">CONHE\u00c7A<\/a><\/p>\n            \n            \n        <\/div>\n    <\/li>\n\n\n    \n    <li>\n        <div class=\"uk-panel\">\n\n                        <div class=\"uk-margin uk-text-center\"><a class=\"uk-overlay\" href=\"http:\/\/rapidbike.com.br\/site\/rapid-bike-evo\" ><img decoding=\"async\" src=\"\/site\/wp-content\/uploads\/2015\/11\/evo-box-2.jpg\" alt=\"Rapid Bike Evo\"><div class=\"uk-overlay-area \"><\/div><\/a><\/div>\n            \n            \n                        <h3 class=\"uk-h4 uk-margin-top-remove\">Rapid Bike Evo<\/h3>\n            \n            \n                        <div class=\"uk-margin\"><p><b>RapidBike Evo, \u201ccontrole total da inje\u00e7\u00e3o\u201d:<\/b> Controle din\u00e2mico e m\u00faltiplo do sensor de oxig\u00eanio, regulagem auto adaptativa da inje\u00e7\u00e3o e gerenciamento de limites dos par\u00e2metros de opera\u00e7\u00e3o de motocicletas. Desta forma os valores de carbura\u00e7\u00e3o podem ser modificados ao longo da curva de pot\u00eancia do motor.<\/p><\/div>\n            \n            \n                        <p class=\"uk-margin\"><a class=\"uk-button\" href=\"http:\/\/rapidbike.com.br\/site\/rapid-bike-evo\">CONHE\u00c7A<\/a><\/p>\n            \n            \n        <\/div>\n    <\/li>\n\n\n    \n    <li>\n        <div class=\"uk-panel\">\n\n                        <div class=\"uk-margin uk-text-center\"><a class=\"uk-overlay\" href=\"http:\/\/rapidbike.com.br\/site\/rapid-bike-racing\" ><img decoding=\"async\" src=\"\/site\/wp-content\/uploads\/2015\/11\/rapid-box.jpg\" alt=\"Rapid Bike Racing\"><div class=\"uk-overlay-area \"><\/div><\/a><\/div>\n            \n            \n                        <h3 class=\"uk-h4 uk-margin-top-remove\">Rapid Bike Racing<\/h3>\n            \n            \n                        <div class=\"uk-margin\"><p><b>RapidBike Racing, \u201cm\u00f3dulo completo para corrida\u201d:<\/b> Representa o mais alto n\u00edvel de tecnologia dispon\u00edvel para atingir o alto desempenho, oferecendo a mais ampla gama de solu\u00e7\u00f5es para os mais exigentes pilotos. O modulo Racing \u00e9 projetado para gerenciar recursos adicionais e inovadores oferecendo controle din\u00e2mico e m\u00faltiplo do sensor de oxig\u00eanio, regulagem auto-adaptativa da inje\u00e7\u00e3o e gerenciamento de limites dos par\u00e2metros de opera\u00e7\u00e3o de motocicletas (controle de pit-lane, abertura de giro), controle de freio-motor (evita derrapagens em desacelera\u00e7\u00f5es).<\/p><\/div>\n            \n            \n                        <p class=\"uk-margin\"><a class=\"uk-button\" href=\"http:\/\/rapidbike.com.br\/site\/rapid-bike-racing\">CONHE\u00c7A<\/a><\/p>\n            \n            \n        <\/div>\n    <\/li>\n\n<\/ul>\n\n    \n<\/div>\n\n\n<\/div>\n","protected":false},"excerpt":{"rendered":"<p>A linha Rapid Bike \u00e9 composta de 3 m\u00f3dulos:<\/p>\n","protected":false},"author":1,"featured_media":0,"parent":0,"menu_order":0,"comment_status":"closed","ping_status":"closed","template":"","meta":{"footnotes":""},"class_list":["post-329","page","type-page","status-publish","hentry"],"_links":{"self":[{"href":"http:\/\/rapidbike.com.br\/site\/wp-json\/wp\/v2\/pages\/329","targetHints":{"allow":["GET"]}}],"collection":[{"href":"http:\/\/rapidbike.com.br\/site\/wp-json\/wp\/v2\/pages"}],"about":[{"href":"http:\/\/rapidbike.com.br\/site\/wp-json\/wp\/v2\/types\/page"}],"author":[{"embeddable":true,"href":"http:\/\/rapidbike.com.br\/site\/wp-json\/wp\/v2\/users\/1"}],"replies":[{"embeddable":true,"href":"http:\/\/rapidbike.com.br\/site\/wp-json\/wp\/v2\/comments?post=329"}],"version-history":[{"count":2,"href":"http:\/\/rapidbike.com.br\/site\/wp-json\/wp\/v2\/pages\/329\/revisions"}],"predecessor-version":[{"id":346,"href":"http:\/\/rapidbike.com.br\/site\/wp-json\/wp\/v2\/pages\/329\/revisions\/346"}],"wp:attachment":[{"href":"http:\/\/rapidbike.com.br\/site\/wp-json\/wp\/v2\/media?parent=329"}],"curies":[{"name":"wp","href":"https:\/\/api.w.org\/{rel}","templated":true}]}}