{"id":456,"date":"2022-09-28T19:19:59","date_gmt":"2022-09-28T19:19:59","guid":{"rendered":"http:\/\/rapidbike.com.br\/site\/?page_id=456"},"modified":"2022-09-29T18:35:40","modified_gmt":"2022-09-29T18:35:40","slug":"seja-um-parceiro","status":"publish","type":"page","link":"http:\/\/rapidbike.com.br\/site\/contato\/seja-um-parceiro","title":{"rendered":"Seja um Parceiro"},"content":{"rendered":"<div class=\"uk-grid uk-flex-middle\">\n<div class=\"uk-width-medium-3-5 uk-width-small-1-1\">\n<div class=\"uk-panel uk-panel-box\">\n<h2>TORNE-SE UM PARCEIRO OFICIAL<br \/> RAPID BIKE<\/h2>\n<h4>QUAIS AS VANTAGENS?<\/h4>\n<p>Atrav\u00e9s do Programa de Apoio, voc\u00ea ter\u00e1 acesso a todos os benef\u00edcios citados abaixo:<\/p>\n<ul>\n<li>Descontos de at\u00e9 50% em toda nossa linha de produtos;<\/li>\n<li>Brindes exclusivos conforme disponibilidade;<\/li>\n<li>Permiss\u00e3o para uso da Marca como patrocinadora \/ apoiadora;<\/li>\n<li>Inclus\u00e3o do seu nome em nossa base de parceiros oficiais;<\/li>\n<li>Convites para eventos que estaremos presentes, mediante a confirma\u00e7\u00e3o;<\/li>\n<li>Posts em nossas redes sociais sobre o parceiro e seu projeto.<\/li>\n<\/ul><\/div>\n<\/p><\/div>\n<div class=\"uk-width-medium-2-5 uk-width-small-1-1\">\n<div class=\"uk-panel uk-panel-box uk-panel-box-secondary\">\n<p>\t\t\t<img decoding=\"async\" src=\"http:\/\/rapidbike.com.br\/site\/wp-content\/uploads\/2015\/09\/logo.png\" alt=\"revendedor\" width=\"240\" class=\"alignnone size-full wp-image-247\" \/><\/p>\n<p>Preencha o formul\u00e1rio para entrar em contato conosco.<\/p>\n<div role=\"form\" class=\"wpcf7\" id=\"wpcf7-f455-o1\" lang=\"pt-BR\" dir=\"ltr\">\n<div class=\"screen-reader-response\"><\/div>\n<form action=\"\/site\/wp-json\/wp\/v2\/pages\/456#wpcf7-f455-o1\" method=\"post\" class=\"wpcf7-form\" novalidate=\"novalidate\">\n<div style=\"display: none;\">\n<input type=\"hidden\" name=\"_wpcf7\" value=\"455\" \/>\n<input type=\"hidden\" name=\"_wpcf7_version\" value=\"4.5.1\" \/>\n<input type=\"hidden\" name=\"_wpcf7_locale\" value=\"pt_BR\" \/>\n<input type=\"hidden\" name=\"_wpcf7_unit_tag\" value=\"wpcf7-f455-o1\" \/>\n<input type=\"hidden\" name=\"_wpnonce\" value=\"de1a1b2691\" \/>\n<\/div>\n<p>Seu nome <small>(obrigat\u00f3rio)<\/small><br \/>\n    <span class=\"wpcf7-form-control-wrap your-name\"><input type=\"text\" name=\"your-name\" value=\"\" size=\"40\" class=\"wpcf7-form-control wpcf7-text wpcf7-validates-as-required uk-width-1-1 uk-form-large\" aria-required=\"true\" aria-invalid=\"false\" \/><\/span> <\/p>\n<p>Seu e-mail <small>(obrigat\u00f3rio)<\/small><br \/>\n    <span class=\"wpcf7-form-control-wrap your-email\"><input type=\"email\" name=\"your-email\" value=\"\" size=\"40\" class=\"wpcf7-form-control wpcf7-text wpcf7-email wpcf7-validates-as-required wpcf7-validates-as-email uk-width-1-1 uk-form-large\" aria-required=\"true\" aria-invalid=\"false\" \/><\/span> <\/p>\n<p>Seu telefone<br \/>\n    <span class=\"wpcf7-form-control-wrap telefone\"><input type=\"tel\" name=\"telefone\" value=\"\" size=\"40\" class=\"wpcf7-form-control wpcf7-text wpcf7-tel wpcf7-validates-as-tel uk-width-1-1 uk-form-large\" aria-invalid=\"false\" \/><\/span> <\/p>\n<p><input type=\"submit\" value=\"Enviar Dados\" class=\"wpcf7-form-control wpcf7-submit uk-button uk-button-large uk-width-1-1\" \/><\/p>\n<noscript>\n\t\t\t<div class=\"wpcf7-response-output wpcf7-spam-blocked\">Your browser does not support JavaScript!. Please enable javascript in your browser in order to get form work properly.<\/div>\n\t<\/noscript><script type='text\/javascript'>\n\n\t\t\t\t\t\tif(contactform === undefined){\n\t\t\t\t\t\t\tvar contactform = [];\n\t\t\t\t\t\t}\n\t\t\t\t\t\tvar innerVal = [455,'mail_sent_ok','Sua mensagem foi enviada com sucesso. Obrigado.'];\n\t\t\t\t\t\tcontactform.push(innerVal);\n\t\t\t\t\t\tvar innerVal = [455,'mail_sent_ng','N&atilde;o foi poss&iacute;vel enviar a sua mensagem. Por favor, tente mais tarde ou contate o administrador por outro m&eacute;todo.'];\n\t\t\t\t\t\tcontactform.push(innerVal);\n\t\t\t\t\t\tvar innerVal = [455,'validation_error','Ocorreram erros de valida&ccedil;&atilde;o. Por favor confira os dados e envie novamente.'];\n\t\t\t\t\t\tcontactform.push(innerVal);\n\t\t\t\t\t\tvar innerVal = [455,'spam','N&atilde;o foi poss&iacute;vel enviar a sua mensagem. Por favor, tente mais tarde ou contate o administrador por outro m&eacute;todo.'];\n\t\t\t\t\t\tcontactform.push(innerVal);\n\t\t\t\t\t\tvar innerVal = [455,'accept_terms','Por favor aceite os termos para prosseguir.'];\n\t\t\t\t\t\tcontactform.push(innerVal);\n\t\t\t\t\t\tvar innerVal = [455,'invalid_required','Please fill in the required field.'];\n\t\t\t\t\t\tcontactform.push(innerVal);\n\t\t\t\t\t\tvar innerVal = [455,'invalid_too_long','This input is too long.'];\n\t\t\t\t\t\tcontactform.push(innerVal);\n\t\t\t\t\t\tvar innerVal = [455,'invalid_too_short','This input is too short.'];\n\t\t\t\t\t\tcontactform.push(innerVal);\n\t\t\t\t\t\tvar innerVal = [455,'captcha_not_match','O c&oacute;digo digitado est&aacute; incorreto.'];\n\t\t\t\t\t\tcontactform.push(innerVal);\n\t\t\t\t\t\tvar innerVal = [455,'invalid_number','Formato de n&uacute;mero parece inv&aacute;lido.'];\n\t\t\t\t\t\tcontactform.push(innerVal);\n\t\t\t\t\t\tvar innerVal = [455,'number_too_small','Este n&uacute;mero &eacute; muito pequeno.'];\n\t\t\t\t\t\tcontactform.push(innerVal);\n\t\t\t\t\t\tvar innerVal = [455,'number_too_large','Este n&uacute;mero &eacute; muito grande.'];\n\t\t\t\t\t\tcontactform.push(innerVal);\n\t\t\t\t\t\tvar innerVal = [455,'invalid_email','O endere&ccedil;o de e-mail parece inv&aacute;lido.'];\n\t\t\t\t\t\tcontactform.push(innerVal);\n\t\t\t\t\t\tvar innerVal = [455,'invalid_url','URL parece inv&aacute;lido.'];\n\t\t\t\t\t\tcontactform.push(innerVal);\n\t\t\t\t\t\tvar innerVal = [455,'invalid_tel','Telefone parece inv&aacute;lido.'];\n\t\t\t\t\t\tcontactform.push(innerVal);\n\t\t\t\t\t\tvar innerVal = [455,'quiz_answer_not_correct','Sua resposta est&aacute; incorreta.'];\n\t\t\t\t\t\tcontactform.push(innerVal);\n\t\t\t\t\t\tvar innerVal = [455,'invalid_date','Formato da data parece inv&aacute;lido.'];\n\t\t\t\t\t\tcontactform.push(innerVal);\n\t\t\t\t\t\tvar innerVal = [455,'date_too_early','Esta data &eacute; demasiado primeira.'];\n\t\t\t\t\t\tcontactform.push(innerVal);\n\t\t\t\t\t\tvar innerVal = [455,'date_too_late','Esta data &eacute; demasiado tarde.'];\n\t\t\t\t\t\tcontactform.push(innerVal);\n\t\t\t\t\t\tvar innerVal = [455,'upload_failed','Falha no upload do arquivo.'];\n\t\t\t\t\t\tcontactform.push(innerVal);\n\t\t\t\t\t\tvar innerVal = [455,'upload_file_type_invalid','Este tipo de arquivo n&atilde;o &eacute; permitido.'];\n\t\t\t\t\t\tcontactform.push(innerVal);\n\t\t\t\t\t\tvar innerVal = [455,'upload_file_too_large','Este arquivo &eacute; grande demais.'];\n\t\t\t\t\t\tcontactform.push(innerVal);\n\t\t\t\t\t\tvar innerVal = [455,'upload_failed_php_error','Falha no upload do arquivo.'];\n\t\t\t\t\t\tcontactform.push(innerVal);\n\t\t\t\t\t\tvar innerVal = [455,'gdpr',''];\n\t\t\t\t\t\tcontactform.push(innerVal);\n\t\t\t\t\t\t<\/script><div class=\"wpcf7-response-output wpcf7-display-none\"><\/div><\/form><\/div><\/div>\n<\/p><\/div>\n<\/div>\n","protected":false},"excerpt":{"rendered":"<p>TORNE-SE UM PARCEIRO OFICIAL RAPID BIKE QUAIS AS VANTAGENS? Atrav\u00e9s do Programa de Apoio, voc\u00ea ter\u00e1 acesso a todos os benef\u00edcios citados abaixo: Descontos de at\u00e9 50% em toda nossa linha de produtos; Brindes exclusivos conforme disponibilidade; Permiss\u00e3o para uso da Marca como patrocinadora \/ apoiadora; Inclus\u00e3o do seu nome em nossa base de parceiros [&hellip;]<\/p>\n","protected":false},"author":1,"featured_media":0,"parent":240,"menu_order":0,"comment_status":"closed","ping_status":"closed","template":"","meta":{"footnotes":""},"class_list":["post-456","page","type-page","status-publish","hentry"],"_links":{"self":[{"href":"http:\/\/rapidbike.com.br\/site\/wp-json\/wp\/v2\/pages\/456","targetHints":{"allow":["GET"]}}],"collection":[{"href":"http:\/\/rapidbike.com.br\/site\/wp-json\/wp\/v2\/pages"}],"about":[{"href":"http:\/\/rapidbike.com.br\/site\/wp-json\/wp\/v2\/types\/page"}],"author":[{"embeddable":true,"href":"http:\/\/rapidbike.com.br\/site\/wp-json\/wp\/v2\/users\/1"}],"replies":[{"embeddable":true,"href":"http:\/\/rapidbike.com.br\/site\/wp-json\/wp\/v2\/comments?post=456"}],"version-history":[{"count":4,"href":"http:\/\/rapidbike.com.br\/site\/wp-json\/wp\/v2\/pages\/456\/revisions"}],"predecessor-version":[{"id":460,"href":"http:\/\/rapidbike.com.br\/site\/wp-json\/wp\/v2\/pages\/456\/revisions\/460"}],"up":[{"embeddable":true,"href":"http:\/\/rapidbike.com.br\/site\/wp-json\/wp\/v2\/pages\/240"}],"wp:attachment":[{"href":"http:\/\/rapidbike.com.br\/site\/wp-json\/wp\/v2\/media?parent=456"}],"curies":[{"name":"wp","href":"https:\/\/api.w.org\/{rel}","templated":true}]}}