{"id":7,"date":"2015-08-27T21:59:35","date_gmt":"2015-08-27T21:59:35","guid":{"rendered":"http:\/\/semeiatv.com\/rapidbike\/?page_id=7"},"modified":"2016-02-24T19:14:26","modified_gmt":"2016-02-24T19:14:26","slug":"o-que-e-rapidbike","status":"publish","type":"page","link":"http:\/\/rapidbike.com.br\/site\/o-que-e-rapidbike","title":{"rendered":"O que \u00e9 Rapid Bike"},"content":{"rendered":"<p><img loading=\"lazy\" decoding=\"async\" src=\"http:\/\/www.bateriasaliant.com.br\/rapid\/site\/wp-content\/uploads\/2015\/08\/about-block-2.jpg\" alt=\"about-block-2\" width=\"1920\" height=\"640\" class=\"alignnone size-full wp-image-321\" srcset=\"http:\/\/rapidbike.com.br\/site\/wp-content\/uploads\/2015\/08\/about-block-2.jpg 1920w, http:\/\/rapidbike.com.br\/site\/wp-content\/uploads\/2015\/08\/about-block-2-300x100.jpg 300w, http:\/\/rapidbike.com.br\/site\/wp-content\/uploads\/2015\/08\/about-block-2-1024x341.jpg 1024w\" sizes=\"auto, (max-width: 1920px) 100vw, 1920px\" \/><\/p>\n<div class=\"uk-grid\">\n<div class=\"uk-width-medium-4-6 uk-width-small-1-1\">\n<div class=\"uk-panel uk-panel-box\">\n<h3 class=\"uk-panel-title\">O que \u00e9 Rapid Bike?<\/h3>\n<p>O know-how atrelado ao conhecimento das pistas de corrida foi o que permitiu o desenvolvimento de m\u00f3dulos eletr\u00f4nicos que agem de acordo com a necessidade de cada pessoa durante a pilotagem.<\/p>\n<p>O projeto Rapid Bike surgiu oficialmente em 2004 com o objetivo de oferecer m\u00f3dulos de pot\u00eancia para ajustes r\u00e1pidos e gerenciamento de padr\u00f5es de opera\u00e7\u00e3o de motores atrav\u00e9s de interven\u00e7\u00f5es totalmente revers\u00edveis na ECU original. Trata-se de uma linha de alt\u00edssima tecnologia que inclui aplica\u00e7\u00f5es de software e hardware para otimiza\u00e7\u00e3o de performance.<\/p>\n<p>Al\u00e9m dos m\u00f3dulos Rapid Bike, existem acess\u00f3rios para atender diferentes necessidades.<\/p>\n<\/div>\n<div class=\"uk-panel uk-panel-box uk-panel-box-primary\">\n<h3 class=\"uk-panel-title\">Rapid Bike resolve o problema<\/h3>\n<p>A tecnologia Rapid Bike \u00e9 simples, r\u00e1pida e muito inovadora, uma vez que tira proveito da sonda lambda para melhorar a efici\u00eancia do motor, otimizando o consumo de combust\u00edvel.<\/p>\n<p>O objetivo n\u00e3o \u00e9 eliminar a funcionalidade da sonda lambda, \u00e9 executar uma modula\u00e7\u00e3o din\u00e2mica deste sinal de modo que os resultados sejam compat\u00edveis com os novos valores de inje\u00e7\u00e3o estabelecidos pelo m\u00f3dulo adicional.<\/p>\n<p>Esta solu\u00e7\u00e3o ajuda todo o sistema ECU e o torna mais confi\u00e1vel, pois evita que os benef\u00edcios resultantes da melhoria de abastecimento seja percebido como um erro e exige uma nova corre\u00e7\u00e3o. O Rapid Bike altera a quantidade de combust\u00edvel injetado (controlando at\u00e9 8 injetores), enquanto modula o sinal da sonda lambda de tal forma que a ECU n\u00e3o ir\u00e1 detectar qualquer diferen\u00e7a na propor\u00e7\u00e3o ar\/combust\u00edvel.\n<\/p><\/div>\n<div class=\"uk-panel uk-panel-box uk-panel-box\">\n<h3 class=\"uk-panel-title\">Liberte a sua mente do velho mito do mapa de inje\u00e7\u00e3o<\/h3>\n<p>Esta vantagem \u00e9 ainda mais \u00fatil ao executar algumas modifica\u00e7\u00f5es consistentes para a motocicleta (tais como a instala\u00e7\u00e3o de um filtro de ar de fluxo livre ou de um sistema de escape de corrida) exigindo o mapa de inje\u00e7\u00e3o modificado \u2013 Rapid Bike \u00e9 capaz de desenvolver e implementar essas mudan\u00e7as automaticamente, enquanto o piloto utiliza a motocicleta.<\/p>\n<p>Rapid Bike supera a velha ideia de um mapa de inje\u00e7\u00e3o concebido como um valor fixo. Nossos m\u00f3dulos oferecem a caracter\u00edstica \u00fanica de desenvolver um mapa de inje\u00e7\u00e3o e mant\u00ea-lo constantemente ajustado fazendo as modifica\u00e7\u00f5es adequadas sem qualquer necessidade de opera\u00e7\u00f5es externas. Tal tecnologia \u00e9 t\u00e3o avan\u00e7ada que um m\u00f3dulo Rapid Bike completa o processo de inje\u00e7\u00e3o de auto-remapeamento dentro de 200 km, mesmo em caso de come\u00e7ar com um valor mapa &#8220;zero&#8221;.<\/p>\n<\/div>\n<div class=\"uk-panel uk-panel-box uk-panel-box\">\n<h3 class=\"uk-panel-title\">Recurso auto adaptativo: Nossa Exclusividade<\/h3>\n<p><img loading=\"lazy\" decoding=\"async\" width=\"640\" height=\"330\" src=\"http:\/\/www.bateriasaliant.com.br\/rapid\/site\/wp-content\/uploads\/2015\/08\/img-bike.jpg\" alt=\"img-bike\" class=\"alignnone size-full wp-image-156\" style=\"width: 100%\" srcset=\"http:\/\/rapidbike.com.br\/site\/wp-content\/uploads\/2015\/08\/img-bike.jpg 640w, http:\/\/rapidbike.com.br\/site\/wp-content\/uploads\/2015\/08\/img-bike-300x155.jpg 300w\" sizes=\"auto, (max-width: 640px) 100vw, 640px\" \/><\/p>\n<p>A vantagem adicional de Rapid Bike \u00e9 a capacidade de estabilizar os melhores valores do abastecimento alcan\u00e7adas com o uso do m\u00f3dulo, um sistema que \u00e9 semelhante ao dos crit\u00e9rios que trabalham em ECU. O recurso inovador do m\u00f3dulo auto adaptativo permite comparar os valores de ar\/combust\u00edvel, e o resultado desta compara\u00e7\u00e3o cont\u00ednua determina se o combust\u00edvel a ser injetado tem que ser aumentado ou diminu\u00eddo, al\u00e9m de proteger o motor e buscar o melhor desempenho.\n<\/p><\/div>\n<\/div>\n<div class=\"uk-width-medium-2-6 uk-width-small-1-1\">\n<div class=\"uk-panel uk-panel-box uk-panel-box-secondary\">\n<h3 class=\"uk-panel-title\">TECNOLOGIA<\/h3>\n<p><img loading=\"lazy\" decoding=\"async\" src=\"http:\/\/www.bateriasaliant.com.br\/rapid\/site\/wp-content\/uploads\/2015\/08\/img-graph.jpg\" alt=\"img-graph\" width=\"640\" height=\"330\" class=\"alignnone size-full wp-image-158\" srcset=\"http:\/\/rapidbike.com.br\/site\/wp-content\/uploads\/2015\/08\/img-graph.jpg 640w, http:\/\/rapidbike.com.br\/site\/wp-content\/uploads\/2015\/08\/img-graph-300x155.jpg 300w\" sizes=\"auto, (max-width: 640px) 100vw, 640px\" \/><\/p>\n<p>Rapid Bike \u00e9 o \u00fanico que permite atingir e alcan\u00e7ar resultados consistentes com as modifica\u00e7\u00f5es dos valores de inje\u00e7\u00e3o. A tecnologia Rapid Bike coloca voc\u00ea no controle sem limita\u00e7\u00f5es, oferecendo uma ferramenta poderosa para melhorar seu desempenho em qualquer condi\u00e7\u00e3o.<\/p>\n<h3 class=\"uk-panel-title\">Rapid Bike \u2013 Sonda Lambda<\/h3>\n<p>A tecnologia eletr\u00f4nica para a gest\u00e3o do motor requer uma s\u00e9rie de sensores para controlar a quantidade de combust\u00edvel a ser injetada e manter uma carbura\u00e7\u00e3o equilibrada. A quantidade e qualidade do ar de admiss\u00e3o que vem atrav\u00e9s do motor \u00e9 misturada com o combust\u00edvel e pode ser afetada por diferentes fatores, tais como: temperatura, press\u00e3o e taxa de umidade; por isso o desempenho da motocicleta \u00e9 suscet\u00edvel a altera\u00e7\u00f5es consider\u00e1veis com consequ\u00eancias desagrad\u00e1veis para os motociclistas.<\/p>\n<h3 class=\"uk-panel-title\">Sonda Lambda \u2013 Por que foi considerado um problema?<\/h3>\n<p>A sonda lambda mede a quantidade de oxig\u00eanio atrav\u00e9s dos gases do escapamento, enquanto a ECU &#8211; (Unidade de Controle do Motor) determina a rela\u00e7\u00e3o de ar\/combust\u00edvel (quantidade de ar na propor\u00e7\u00e3o de uma unidade de gasolina) para compar\u00e1-lo com o valor preestabelecido em sua mem\u00f3ria e modificar o tempo de inje\u00e7\u00e3o relacionada.<\/p>\n<p>Fabricantes de motocicletas utilizam a sonda lambda instalado no sistema de escapamento para monitorar os valores de carbura\u00e7\u00e3o, a fim de cumprir com os regulamentos antipolui\u00e7\u00e3o. Este sistema representa uma restri\u00e7\u00e3o real para o desempenho do motor sendo \u201cfor\u00e7ado\u201d a correr com uma mistura de combust\u00edvel muito pobre, causando a falta de resposta do acelerador e lacunas de energia repentina. Este \u00e9 o motivo do sensor lambda muitas vezes ser visto como um grande problema, j\u00e1  que impede o motor de explorar todo o seu potencial.<\/p>\n<\/div>\n<\/div>\n<\/div>\n","protected":false},"excerpt":{"rendered":"<p>O que \u00e9 Rapid Bike? O know-how atrelado ao conhecimento das pistas de corrida foi o que permitiu o desenvolvimento de m\u00f3dulos eletr\u00f4nicos que agem de acordo com a necessidade de cada pessoa durante a pilotagem. O projeto Rapid Bike surgiu oficialmente em 2004 com o objetivo de oferecer m\u00f3dulos de pot\u00eancia para ajustes r\u00e1pidos [&hellip;]<\/p>\n","protected":false},"author":1,"featured_media":0,"parent":0,"menu_order":0,"comment_status":"closed","ping_status":"closed","template":"","meta":{"footnotes":""},"class_list":["post-7","page","type-page","status-publish","hentry"],"_links":{"self":[{"href":"http:\/\/rapidbike.com.br\/site\/wp-json\/wp\/v2\/pages\/7","targetHints":{"allow":["GET"]}}],"collection":[{"href":"http:\/\/rapidbike.com.br\/site\/wp-json\/wp\/v2\/pages"}],"about":[{"href":"http:\/\/rapidbike.com.br\/site\/wp-json\/wp\/v2\/types\/page"}],"author":[{"embeddable":true,"href":"http:\/\/rapidbike.com.br\/site\/wp-json\/wp\/v2\/users\/1"}],"replies":[{"embeddable":true,"href":"http:\/\/rapidbike.com.br\/site\/wp-json\/wp\/v2\/comments?post=7"}],"version-history":[{"count":51,"href":"http:\/\/rapidbike.com.br\/site\/wp-json\/wp\/v2\/pages\/7\/revisions"}],"predecessor-version":[{"id":371,"href":"http:\/\/rapidbike.com.br\/site\/wp-json\/wp\/v2\/pages\/7\/revisions\/371"}],"wp:attachment":[{"href":"http:\/\/rapidbike.com.br\/site\/wp-json\/wp\/v2\/media?parent=7"}],"curies":[{"name":"wp","href":"https:\/\/api.w.org\/{rel}","templated":true}]}}