{"id":83,"date":"2015-09-03T18:28:08","date_gmt":"2015-09-03T18:28:08","guid":{"rendered":"http:\/\/semeiatv.com\/rapidbike\/?page_id=83"},"modified":"2020-04-01T18:10:02","modified_gmt":"2020-04-01T18:10:02","slug":"rapid-bike-easy","status":"publish","type":"page","link":"http:\/\/rapidbike.com.br\/site\/rapid-bike-easy","title":{"rendered":"Rapid Bike Easy"},"content":{"rendered":"<p><a name=\"produtos-easy\"><\/a><a href=\"http:\/\/rapidbike.com.br\/site\/wp-content\/uploads\/2015\/09\/rapid-bike-novo-easy.jpg\"><img loading=\"lazy\" decoding=\"async\" class=\"alignnone size-full wp-image-424\" src=\"http:\/\/rapidbike.com.br\/site\/wp-content\/uploads\/2015\/09\/rapid-bike-novo-easy.jpg\" alt=\"rapid-bike--novo-easy\" width=\"1920\" height=\"640\" srcset=\"http:\/\/rapidbike.com.br\/site\/wp-content\/uploads\/2015\/09\/rapid-bike-novo-easy.jpg 1920w, http:\/\/rapidbike.com.br\/site\/wp-content\/uploads\/2015\/09\/rapid-bike-novo-easy-300x100.jpg 300w, http:\/\/rapidbike.com.br\/site\/wp-content\/uploads\/2015\/09\/rapid-bike-novo-easy-768x256.jpg 768w, http:\/\/rapidbike.com.br\/site\/wp-content\/uploads\/2015\/09\/rapid-bike-novo-easy-1024x341.jpg 1024w\" sizes=\"auto, (max-width: 1920px) 100vw, 1920px\" \/><\/a><\/p>\n<div class=\"uk-panel uk-panel-box\">\n<h3><\/h3>\n<p>Rapid Bike Easy \u00e9 um m\u00f3dulo eletr\u00f4nico de pot\u00eancia &#8220;Plug and Play&#8221; equipado com um microprocessador integrado que gerencia diretamente o sinal da sonda lambda para otimizar a rela\u00e7\u00e3o ar\/combust\u00edvel melhorando a efici\u00eancia do motor e no sensor de temperatura da caixa de ar. O ajuste do m\u00f3dulo \u00e9 facilmente realizado atrav\u00e9s de escala no pr\u00f3prio aparelho.<\/p>\n<p>Os dois marcadores de LED indicam de forma simples o correto funcionamento do m\u00f3dulo.<\/p>\n<p>O m\u00f3dulo \u00e9 fornecido pronto para uso e se conecta a motocicleta atrav\u00e9s dos conectores originais. Seu processo de fabrica\u00e7\u00e3o respeita crit\u00e9rios importantes, como compatibilidade eletromagn\u00e9tica, resist\u00eancia a choque, vibra\u00e7\u00e3o al\u00e9m de temperatura e agentes do tempo.<\/p>\n<p><img loading=\"lazy\" decoding=\"async\" class=\"size-full wp-image-163\" src=\"http:\/\/www.bateriasaliant.com.br\/rapid\/site\/wp-content\/uploads\/2015\/09\/graph-easy.jpg\" alt=\"graph-easy\" width=\"712\" height=\"188\" srcset=\"http:\/\/rapidbike.com.br\/site\/wp-content\/uploads\/2015\/09\/graph-easy.jpg 712w, http:\/\/rapidbike.com.br\/site\/wp-content\/uploads\/2015\/09\/graph-easy-300x79.jpg 300w\" sizes=\"auto, (max-width: 712px) 100vw, 712px\" \/><\/p>\n<p>Conhe\u00e7a as principais vantagens do Rapid Bike Easy:<\/p>\n<ul>\n<li>Melhora em acelera\u00e7\u00f5es e retomadas<\/li>\n<li>Corrigi a inje\u00e7\u00e3o de motocicletas com escapes ou filtros de ar esportivos<\/li>\n<li>Pode ser removido e reinstalado em\u00a0outras motocicletas<\/li>\n<li>2 anos de garantia<\/li>\n<li>Pode corrigir problemas relacionados a uma mistura ar\/combust\u00edvel muito pobre como: Marcha lenta irregular, aquecimento excessivo do motor, etc<\/li>\n<\/ul>\n<p>Essa imagem mostra o sinal vindo do sensor de oxig\u00eanio e mostra a rela\u00e7\u00e3o ar\/combust\u00edvel: comparando a queima original (linha azul), percebe-se que o Rapid Bike Easy (linha vermelha) permite a otimiza\u00e7\u00e3o da rela\u00e7\u00e3o ar\/combust\u00edvel para a melhor mistura poss\u00edvel (linha verde) permitindo dessa forma menor consumo de combust\u00edvel e maior efici\u00eancia do motor.<\/p>\n<p><a class=\"uk-button uk-button-large\" href=\"http:\/\/rapidbike.com.br\/site\/rapid-bike-easy\/manuais\">MANUAIS DE INSTALA\u00c7\u00c3O<\/a><\/p>\n<\/div>\n<p><img loading=\"lazy\" decoding=\"async\" width=\"1024\" height=\"723\" class=\"aligncenter size-full wp-image-276\" src=\"http:\/\/www.bateriasaliant.com.br\/rapid\/site\/wp-content\/uploads\/2015\/09\/mapa-easy.jpg\" alt=\"mapa-easy\" srcset=\"http:\/\/rapidbike.com.br\/site\/wp-content\/uploads\/2015\/09\/mapa-easy.jpg 1024w, http:\/\/rapidbike.com.br\/site\/wp-content\/uploads\/2015\/09\/mapa-easy-300x212.jpg 300w\" sizes=\"auto, (max-width: 1024px) 100vw, 1024px\" \/><\/p>\n","protected":false},"excerpt":{"rendered":"<p>Rapid Bike Easy \u00e9 um m\u00f3dulo eletr\u00f4nico de pot\u00eancia &#8220;Plug and Play&#8221; equipado com um microprocessador integrado que gerencia diretamente o sinal da sonda lambda para otimizar a rela\u00e7\u00e3o ar\/combust\u00edvel melhorando a efici\u00eancia do motor e no sensor de temperatura da caixa de ar. O ajuste do m\u00f3dulo \u00e9 facilmente realizado atrav\u00e9s de escala no [&hellip;]<\/p>\n","protected":false},"author":1,"featured_media":0,"parent":0,"menu_order":0,"comment_status":"closed","ping_status":"open","template":"","meta":{"footnotes":""},"class_list":["post-83","page","type-page","status-publish","hentry"],"_links":{"self":[{"href":"http:\/\/rapidbike.com.br\/site\/wp-json\/wp\/v2\/pages\/83","targetHints":{"allow":["GET"]}}],"collection":[{"href":"http:\/\/rapidbike.com.br\/site\/wp-json\/wp\/v2\/pages"}],"about":[{"href":"http:\/\/rapidbike.com.br\/site\/wp-json\/wp\/v2\/types\/page"}],"author":[{"embeddable":true,"href":"http:\/\/rapidbike.com.br\/site\/wp-json\/wp\/v2\/users\/1"}],"replies":[{"embeddable":true,"href":"http:\/\/rapidbike.com.br\/site\/wp-json\/wp\/v2\/comments?post=83"}],"version-history":[{"count":37,"href":"http:\/\/rapidbike.com.br\/site\/wp-json\/wp\/v2\/pages\/83\/revisions"}],"predecessor-version":[{"id":448,"href":"http:\/\/rapidbike.com.br\/site\/wp-json\/wp\/v2\/pages\/83\/revisions\/448"}],"wp:attachment":[{"href":"http:\/\/rapidbike.com.br\/site\/wp-json\/wp\/v2\/media?parent=83"}],"curies":[{"name":"wp","href":"https:\/\/api.w.org\/{rel}","templated":true}]}}