{"id":91,"date":"2015-09-03T18:48:10","date_gmt":"2015-09-03T18:48:10","guid":{"rendered":"http:\/\/semeiatv.com\/rapidbike\/?page_id=91"},"modified":"2016-02-25T19:14:18","modified_gmt":"2016-02-25T19:14:18","slug":"rapid-bike-evo","status":"publish","type":"page","link":"http:\/\/rapidbike.com.br\/site\/rapid-bike-evo","title":{"rendered":"Rapid Bike Evo"},"content":{"rendered":"<p><a name=\"produtos-evo\"><\/a><img loading=\"lazy\" decoding=\"async\" src=\"http:\/\/www.bateriasaliant.com.br\/rapid\/site\/wp-content\/uploads\/2015\/09\/evo-block-2.jpg\" alt=\"evo-block-2\" width=\"1920\" height=\"640\" class=\"alignnone size-full wp-image-317\" srcset=\"http:\/\/rapidbike.com.br\/site\/wp-content\/uploads\/2015\/09\/evo-block-2.jpg 1920w, http:\/\/rapidbike.com.br\/site\/wp-content\/uploads\/2015\/09\/evo-block-2-300x100.jpg 300w, http:\/\/rapidbike.com.br\/site\/wp-content\/uploads\/2015\/09\/evo-block-2-1024x341.jpg 1024w\" sizes=\"auto, (max-width: 1920px) 100vw, 1920px\" \/><\/p>\n<div class=\"uk-grid\">\n<div class=\"uk-width-medium-4-6 uk-width-small-1-1\">\n<h3>Controle Total de Inje\u00e7\u00e3o &#8211; A evolu\u00e7\u00e3o da esp\u00e9cie<\/h3>\n<p>Rapid Bike Evo coloca em suas m\u00e3os o controle total das opera\u00e7\u00f5es, uma vez que se interp\u00f5e entre a ECU original e os bicos injetores. Rapid Bike Evo combina performance extraordin\u00e1ria com facilidade de uso gra\u00e7as ao seu dispositivo de auto adapta\u00e7\u00e3o. N\u00e3o h\u00e1 necessidade de m\u00f3dulos adicionais para atingir performance m\u00e1xima, pois j\u00e1 vem completo.<\/p>\n<p>Controle total de inje\u00e7\u00e3o significa controle total da taxa ar\/combust\u00edvel atrav\u00e9s do gerenciamento  dos bicos injetores (at\u00e9 8) e sensores de oxig\u00eanio. Rapid Bike Evo permite o trabalho sobre o tempo de inje\u00e7\u00e3o (-100% at\u00e9 +150% comparado aos par\u00e2metros originais) e sobre a taxa ar\/combust\u00edvel.<\/p>\n<p>Durante a condu\u00e7\u00e3o da motocicleta, o sistema auto adaptativo determina automaticamente a corre\u00e7\u00e3o da rela\u00e7\u00e3o ar\/combust\u00edvel. Esse sistema de gerenciamento ativo soma-se aos par\u00e2metros pr\u00e9 selecionados pelo preparador no ato da instala\u00e7\u00e3o. O processo de auto corre\u00e7\u00e3o \u00e9 baseado em tecnologia multiponto de acordo com a RPM e posi\u00e7\u00e3o TPS para toda faixa de funcionamento do motor, mesmo quando o limite de giro \u00e9 alterado (quando dispon\u00edvel).<\/p>\n<p>Este gr\u00e1fico mostra o aperfei\u00e7oamento autom\u00e1tico e progressivo do mapa de 0 (linha vermelha), ap\u00f3s 50km (linha verde) e ap\u00f3s 200km (linha marrom).<\/p>\n<p><img loading=\"lazy\" decoding=\"async\" src=\"http:\/\/www.bateriasaliant.com.br\/rapid\/site\/wp-content\/uploads\/2015\/09\/graph-evo.jpg\" alt=\"graph-evo\" width=\"640\" height=\"405\" class=\"alignnone size-full wp-image-213\" srcset=\"http:\/\/rapidbike.com.br\/site\/wp-content\/uploads\/2015\/09\/graph-evo.jpg 640w, http:\/\/rapidbike.com.br\/site\/wp-content\/uploads\/2015\/09\/graph-evo-300x190.jpg 300w\" sizes=\"auto, (max-width: 640px) 100vw, 640px\" \/><\/p>\n<p>Outra fun\u00e7\u00e3o de destaque \u00e9 a possibilidade de aumento de giro (at\u00e9 +1000 RPM) e a elimina\u00e7\u00e3o do limite de velocidade (dependendo do modelo).<\/p>\n<p>Rapid Bike Evo tamb\u00e9m ofere suporte ao gerenciamento de m\u00faltiplos mapas, ou seja, a possibilidade de calibra\u00e7\u00e3o e ativa\u00e7\u00e3o de at\u00e9 2 mapas de inje\u00e7\u00e3o com diferentes fun\u00e7\u00f5es de auto adaptatividade a sele\u00e7\u00e3o desses mapas se d\u00e1 atrav\u00e9s de um seletor no guid\u00e3o.<\/p>\n<div class=\"uk-block uk-block-muted\" style=\"padding: 50px\">\n<h4>RAPID BIKE EVO realiza as seguintes fun\u00e7\u00f5es:<\/h4>\n<ul class=\"uk-list\">\n<li><i class=\"uk-icon-justify uk-icon-arrow-right\"><\/i> Quick Shifter;<\/li>\n<li><i class=\"uk-icon-justify uk-icon-arrow-right\"><\/i> Gerenciamento de m\u00faltiplos mapas usando o Comutador espec\u00edfico que pode ser adquirido separadamente;<\/li>\n<li><i class=\"uk-icon-justify uk-icon-arrow-right\"><\/i> Limitador de RPM (at\u00e9 1000 rpm adicional);<\/li>\n<li><i class=\"uk-icon-justify uk-icon-arrow-right\"><\/i> Remo\u00e7\u00e3o do limitador de velocidade.<\/li>\n<\/ul>\n<p>Para duplo cilindro equipado com sonda lambda dupla, \u00e9 poss\u00edvel desenvolver um mapa de inje\u00e7\u00e3o espec\u00edfico, bem como um remapeamento de auto-inje\u00e7\u00e3o definida especificamente para cada cilindro.<\/p>\n<\/div>\n<\/div>\n<div class=\"uk-width-medium-2-6 uk-width-small-1-1\">\n<div class=\"uk-block uk-block-secondary\" style=\"padding: 50px\">\n<p><img loading=\"lazy\" decoding=\"async\" src=\"http:\/\/www.bateriasaliant.com.br\/rapid\/site\/wp-content\/uploads\/2015\/09\/evo-exclusive.jpg\" alt=\"evo-exclusive\" width=\"640\" height=\"640\" class=\"alignnone size-full wp-image-107\" srcset=\"http:\/\/rapidbike.com.br\/site\/wp-content\/uploads\/2015\/09\/evo-exclusive.jpg 640w, http:\/\/rapidbike.com.br\/site\/wp-content\/uploads\/2015\/09\/evo-exclusive-150x150.jpg 150w, http:\/\/rapidbike.com.br\/site\/wp-content\/uploads\/2015\/09\/evo-exclusive-300x300.jpg 300w\" sizes=\"auto, (max-width: 640px) 100vw, 640px\" \/><\/p>\n<h4>Rapid Bike Evo Exclusive<\/h4>\n<p>O m\u00f3dulo Evo possui um kit exclusivo: uma vers\u00e3o mais simples oferecida a um pre\u00e7o muito interessante, estritamente dedicado a modelos espec\u00edficos (n\u00e3o pode ser reprogramado e instalado em modelos diferentes); YAMAHA MT-09, HONDA SH300, CBR 250, NC 700\/750, KAWASAKI ER6 e Z800, Ducati Multistrada 1200 e muito mais. Verificar atualiza\u00e7\u00f5es sobre a nossa lista de aplicativos.<\/p>\n<\/div><\/div>\n<p><img loading=\"lazy\" decoding=\"async\" width=\"1024\" height=\"724\" src=\"http:\/\/www.bateriasaliant.com.br\/rapid\/site\/wp-content\/uploads\/2015\/09\/mapa-evo.jpg\" alt=\"mapa-evo\" class=\"aligncenter size-full wp-image-277\" srcset=\"http:\/\/rapidbike.com.br\/site\/wp-content\/uploads\/2015\/09\/mapa-evo.jpg 1024w, http:\/\/rapidbike.com.br\/site\/wp-content\/uploads\/2015\/09\/mapa-evo-300x212.jpg 300w\" sizes=\"auto, (max-width: 1024px) 100vw, 1024px\" \/><\/p>\n<\/div>\n","protected":false},"excerpt":{"rendered":"<p>Controle Total de Inje\u00e7\u00e3o &#8211; A evolu\u00e7\u00e3o da esp\u00e9cie Rapid Bike Evo coloca em suas m\u00e3os o controle total das opera\u00e7\u00f5es, uma vez que se interp\u00f5e entre a ECU original e os bicos injetores. Rapid Bike Evo combina performance extraordin\u00e1ria com facilidade de uso gra\u00e7as ao seu dispositivo de auto adapta\u00e7\u00e3o. N\u00e3o h\u00e1 necessidade de [&hellip;]<\/p>\n","protected":false},"author":1,"featured_media":0,"parent":0,"menu_order":0,"comment_status":"closed","ping_status":"open","template":"","meta":{"footnotes":""},"class_list":["post-91","page","type-page","status-publish","hentry"],"_links":{"self":[{"href":"http:\/\/rapidbike.com.br\/site\/wp-json\/wp\/v2\/pages\/91","targetHints":{"allow":["GET"]}}],"collection":[{"href":"http:\/\/rapidbike.com.br\/site\/wp-json\/wp\/v2\/pages"}],"about":[{"href":"http:\/\/rapidbike.com.br\/site\/wp-json\/wp\/v2\/types\/page"}],"author":[{"embeddable":true,"href":"http:\/\/rapidbike.com.br\/site\/wp-json\/wp\/v2\/users\/1"}],"replies":[{"embeddable":true,"href":"http:\/\/rapidbike.com.br\/site\/wp-json\/wp\/v2\/comments?post=91"}],"version-history":[{"count":21,"href":"http:\/\/rapidbike.com.br\/site\/wp-json\/wp\/v2\/pages\/91\/revisions"}],"predecessor-version":[{"id":376,"href":"http:\/\/rapidbike.com.br\/site\/wp-json\/wp\/v2\/pages\/91\/revisions\/376"}],"wp:attachment":[{"href":"http:\/\/rapidbike.com.br\/site\/wp-json\/wp\/v2\/media?parent=91"}],"curies":[{"name":"wp","href":"https:\/\/api.w.org\/{rel}","templated":true}]}}